{"id":12107,"date":"2022-04-21T18:10:55","date_gmt":"2022-04-21T18:10:55","guid":{"rendered":"https:\/\/lineablancaselect.com\/?post_type=product&#038;p=12107"},"modified":"2025-02-22T15:33:20","modified_gmt":"2025-02-22T15:33:20","slug":"aire-acondicionado-minisplit-mabe-12000-btus-frio-mmi12camcam9-115-v","status":"publish","type":"product","link":"https:\/\/lineablancaselect.com\/index.php\/producto\/aire-acondicionado-minisplit-mabe-12000-btus-frio-mmi12camcam9-115-v\/","title":{"rendered":"Aire acondicionado minisplit Mabe 12,000 BTU&#8217;s fr\u00edo MMI12CAMCAM9 115 V"},"content":{"rendered":"<div class=\"a-section a-spacing-small a-text-left celwidget\" data-cel-widget=\"\">\n<h1 class=\"a-product__information--title\">Aire acondicionado minisplit Mabe 12,000 BTU&#8217;s fr\u00edo MMI12CAMCAM9 115 V<\/h1>\n<p>Aire acondicionado Mabe inverter solo fr\u00edo 12,000 BTU con display con luz LED, recubrimiento Golden Fin, protege las tuber\u00edas del producto contra la corrosi\u00f3n, gas ecol\u00f3gico R410A, mayor eficiencia al compresor y menor consumo de energ\u00eda, ahorro de energ\u00eda<\/p>\n<p><strong>COLOR:<img loading=\"lazy\" decoding=\"async\" class=\"alignnone size-full wp-image-11371\" src=\"https:\/\/lineablancaselect.com\/wp-content\/uploads\/2022\/04\/NEGRO-e1650481879777.png\" alt=\"\" width=\"36\" height=\"36\" \/>NEGRO<\/strong><\/p>\n<div class=\"a-section a-spacing-small a-text-left celwidget\" data-cel-widget=\"\">\n<div class=\"a-section a-spacing-small a-text-left celwidget\" data-cel-widget=\"\"><img loading=\"lazy\" decoding=\"async\" src=\"https:\/\/www.colchones-continental.com\/wp-content\/uploads\/secured-ssl._CB485936932_.png\" alt=\"\" width=\"16\" height=\"21\" \/><strong><span class=\"a-declarative\" data-action=\"a-popover\" data-a-popover=\"{\">Transacci\u00f3n Segura.<\/span><\/strong><\/div>\n<div data-cel-widget=\"\"><\/div>\n<div data-cel-widget=\"\"><img loading=\"lazy\" decoding=\"async\" class=\"alignnone size-medium wp-image-11307\" src=\"https:\/\/lineablancaselect.com\/wp-content\/uploads\/2022\/04\/PROFECO-300x87.jpg\" alt=\"\" width=\"300\" height=\"87\" srcset=\"https:\/\/lineablancaselect.com\/wp-content\/uploads\/2022\/04\/PROFECO-300x87.jpg 300w, https:\/\/lineablancaselect.com\/wp-content\/uploads\/2022\/04\/PROFECO-200x58.jpg 200w, https:\/\/lineablancaselect.com\/wp-content\/uploads\/2022\/04\/PROFECO-400x116.jpg 400w, https:\/\/lineablancaselect.com\/wp-content\/uploads\/2022\/04\/PROFECO.jpg 739w\" sizes=\"auto, (max-width: 300px) 100vw, 300px\" \/><\/div>\n<div data-cel-widget=\"\"><\/div>\n<div data-cel-widget=\"\"><\/div>\n<div data-cel-widget=\"\">Vendido por <strong>LINEA BLANCA ROYAL<\/strong>.<\/div>\n<div data-cel-widget=\"\">Entregado por DHL<\/div>\n<div data-cel-widget=\"\"><\/div>\n<div data-cel-widget=\"\"><img loading=\"lazy\" decoding=\"async\" class=\"wp-image-8820 alignnone\" src=\"https:\/\/lineablancaselect.com\/wp-content\/uploads\/2020\/12\/ENVIO-300x113.png\" alt=\"\" width=\"313\" height=\"118\" \/><\/div>\n<\/div>\n<\/div>\n","protected":false},"excerpt":{"rendered":"<div class=\"productDetailTab\">Aire acondicionado Mabe inverter solo fr\u00edo 12,000 BTU con display con luz LED, recubrimiento Golden Fin, protege las tuber\u00edas del producto contra la corrosi\u00f3n, gas ecol\u00f3gico R410A, mayor eficiencia al compresor y menor consumo de energ\u00eda, ahorro de energ\u00eda gracias a la tecnolog\u00eda TecInverter y a la funci\u00f3n &#8220;ECO&#8221;, tuber\u00eda acanalada 100% de cobre para mayor eficiencia, con temperatura desde 16-30 \u00b0C, con control remoto, filtro Silver Ion que elimina bacterias gracias a la liberaci\u00f3n constante de iones de plata, Opera tu aire desde cualquier dispositivo m\u00f3vil a trav\u00e9s de &#8220;Mabe Refreshing Air&#8221;, garant\u00eda de 6 a\u00f1os en compresor y 2 a\u00f1os en componentes<\/div>\n<div>\n<p>&nbsp;<\/p>\n<\/div>\n","protected":false},"featured_media":12103,"comment_status":"open","ping_status":"closed","template":"","meta":{"site-sidebar-layout":"default","site-content-layout":"default","ast-global-header-display":"","ast-main-header-display":"","ast-hfb-above-header-display":"","ast-hfb-below-header-display":"","ast-hfb-mobile-header-display":"","site-post-title":"","ast-breadcrumbs-content":"","ast-featured-img":"","footer-sml-layout":"","theme-transparent-header-meta":"","adv-header-id-meta":"","stick-header-meta":"","header-above-stick-meta":"","header-main-stick-meta":"","header-below-stick-meta":""},"product_brand":[],"product_cat":[199,246],"product_tag":[],"class_list":{"0":"post-12107","1":"product","2":"type-product","3":"status-publish","4":"has-post-thumbnail","6":"product_cat-aire-acondicionado","7":"product_cat-mabe-aire-acondicionado","8":"desktop-align-left","9":"tablet-align-left","10":"mobile-align-left","12":"first","13":"instock","14":"sale","15":"shipping-taxable","16":"purchasable","17":"product-type-simple"},"_links":{"self":[{"href":"https:\/\/lineablancaselect.com\/index.php\/wp-json\/wp\/v2\/product\/12107","targetHints":{"allow":["GET"]}}],"collection":[{"href":"https:\/\/lineablancaselect.com\/index.php\/wp-json\/wp\/v2\/product"}],"about":[{"href":"https:\/\/lineablancaselect.com\/index.php\/wp-json\/wp\/v2\/types\/product"}],"replies":[{"embeddable":true,"href":"https:\/\/lineablancaselect.com\/index.php\/wp-json\/wp\/v2\/comments?post=12107"}],"wp:featuredmedia":[{"embeddable":true,"href":"https:\/\/lineablancaselect.com\/index.php\/wp-json\/wp\/v2\/media\/12103"}],"wp:attachment":[{"href":"https:\/\/lineablancaselect.com\/index.php\/wp-json\/wp\/v2\/media?parent=12107"}],"wp:term":[{"taxonomy":"product_brand","embeddable":true,"href":"https:\/\/lineablancaselect.com\/index.php\/wp-json\/wp\/v2\/product_brand?post=12107"},{"taxonomy":"product_cat","embeddable":true,"href":"https:\/\/lineablancaselect.com\/index.php\/wp-json\/wp\/v2\/product_cat?post=12107"},{"taxonomy":"product_tag","embeddable":true,"href":"https:\/\/lineablancaselect.com\/index.php\/wp-json\/wp\/v2\/product_tag?post=12107"}],"curies":[{"name":"wp","href":"https:\/\/api.w.org\/{rel}","templated":true}]}}