{"id":12156,"date":"2022-04-22T15:02:12","date_gmt":"2022-04-22T15:02:12","guid":{"rendered":"https:\/\/lineablancaselect.com\/?post_type=product&#038;p=12156"},"modified":"2022-04-28T02:23:57","modified_gmt":"2022-04-28T02:23:57","slug":"lavavajillas-de-empotre-16-servicios-ge-appliances-cdt665ssmss-ge-appliances-cdt665ssmss-empotre","status":"publish","type":"product","link":"https:\/\/lineablancaselect.com\/index.php\/producto\/lavavajillas-de-empotre-16-servicios-ge-appliances-cdt665ssmss-ge-appliances-cdt665ssmss-empotre\/","title":{"rendered":"Lavavajillas De Empotre 16 Servicios Ge Appliances &#8211; CDT665SSMSS GE Appliances CDT665SSMSS Empotre"},"content":{"rendered":"<div class=\"description_seoDescription__Ti3wA\">\n<h1 class=\"product-details_productName__17M75 header\" data-automation-id=\"product-details-header\" data-testid=\"product-details-header\" data-gtm-vis-recent-on-screen-100093_1243=\"18117\" data-gtm-vis-first-on-screen-100093_1243=\"18117\" data-gtm-vis-total-visible-time-100093_1243=\"100\" data-gtm-vis-has-fired-100093_1243=\"1\" data-gtm-vis-recent-on-screen-100093_1244=\"18121\" data-gtm-vis-first-on-screen-100093_1244=\"18121\" data-gtm-vis-total-visible-time-100093_1244=\"100\" data-gtm-vis-has-fired-100093_1244=\"1\">Lavavajillas De Empotre 16 Servicios Ge Appliances &#8211; CDT665SSMSS GE Appliances CDT665SSMSS Empotre<\/h1>\n<p>Ciclo de secado con aplicaci\u00f3n de calor que desinfecta y elimina hasta el 99.9% de bacterias. Cuenta con funci\u00f3n que ajusta autom\u00e1ticamente el nivel de agua y detergente al detectar la cantidad de trastes. Equipada con programa de lavado de media carga que consume \u00fanicamente 13 L de agua.<\/p>\n<p>Tipo Built In, 7 ciclos, Control touchpad electr\u00f3nico oculto, Seguro para ni\u00f1os, 3 brazos aspersores, Funci\u00f3n Sanitizado, Prelavado con vapor, Lavado programable hasta 24 hrs, 2 racks + canasta ajustable, 127 V\/60 Hz<\/p>\n<p><strong>COLOR: <img loading=\"lazy\" decoding=\"async\" class=\"alignnone size-full wp-image-11370\" src=\"https:\/\/lineablancaselect.com\/wp-content\/uploads\/2022\/04\/acero-e1650481820565.png\" alt=\"\" width=\"36\" height=\"36\" \/>ACERO<\/strong><\/p>\n<\/div>\n<div class=\"a-section a-spacing-small a-text-left celwidget\" data-cel-widget=\"\">\n<div data-cel-widget=\"\"><\/div>\n<div class=\"a-section a-spacing-small a-text-left celwidget\" data-cel-widget=\"\"><img loading=\"lazy\" decoding=\"async\" src=\"https:\/\/www.colchones-continental.com\/wp-content\/uploads\/secured-ssl._CB485936932_.png\" alt=\"\" width=\"16\" height=\"21\" \/><strong><span class=\"a-declarative\" data-action=\"a-popover\" data-a-popover=\"{\">Transacci\u00f3n Segura.<\/span><\/strong><\/div>\n<div data-cel-widget=\"\"><\/div>\n<div data-cel-widget=\"\"><img loading=\"lazy\" decoding=\"async\" class=\"alignnone size-medium wp-image-11307\" src=\"https:\/\/lineablancaselect.com\/wp-content\/uploads\/2022\/04\/PROFECO-300x87.jpg\" alt=\"\" width=\"300\" height=\"87\" srcset=\"https:\/\/lineablancaselect.com\/wp-content\/uploads\/2022\/04\/PROFECO-300x87.jpg 300w, https:\/\/lineablancaselect.com\/wp-content\/uploads\/2022\/04\/PROFECO-200x58.jpg 200w, https:\/\/lineablancaselect.com\/wp-content\/uploads\/2022\/04\/PROFECO-400x116.jpg 400w, https:\/\/lineablancaselect.com\/wp-content\/uploads\/2022\/04\/PROFECO.jpg 739w\" sizes=\"auto, (max-width: 300px) 100vw, 300px\" \/><\/div>\n<div data-cel-widget=\"\"><\/div>\n<div data-cel-widget=\"\"><\/div>\n<div data-cel-widget=\"\">Vendido por <strong>LINEA BLANCA ROYAL<\/strong>.<\/div>\n<div data-cel-widget=\"\">Entregado por DHL<\/div>\n<div data-cel-widget=\"\"><\/div>\n<div data-cel-widget=\"\"><img loading=\"lazy\" decoding=\"async\" class=\"wp-image-8820 alignnone\" src=\"https:\/\/lineablancaselect.com\/wp-content\/uploads\/2020\/12\/ENVIO-300x113.png\" alt=\"\" width=\"313\" height=\"118\" \/><\/div>\n<\/div>\n","protected":false},"excerpt":{"rendered":"<p>Lavavajillas De Empotre 16 Servicios Ge Appliances &#8211; CDT665SSMSS GE Appliances CDT665SSMSS Empotre Ciclo de secado con aplicaci\u00f3n de calor que desinfecta y elimina hasta el 99.9% de bacterias. Cuenta con funci\u00f3n que ajusta autom\u00e1ticamente el nivel de agua y detergente al detectar la cantidad de trastes. Equipada con programa de lavado de media carga &hellip;<\/p>\n<p class=\"read-more\"> <a class=\"\" href=\"https:\/\/lineablancaselect.com\/index.php\/producto\/lavavajillas-de-empotre-16-servicios-ge-appliances-cdt665ssmss-ge-appliances-cdt665ssmss-empotre\/\"> <span class=\"screen-reader-text\">Lavavajillas De Empotre 16 Servicios Ge Appliances &#8211; CDT665SSMSS GE Appliances CDT665SSMSS Empotre<\/span> Leer m\u00e1s &raquo;<\/a><\/p>\n","protected":false},"featured_media":12157,"comment_status":"open","ping_status":"closed","template":"","meta":{"site-sidebar-layout":"default","site-content-layout":"default","ast-global-header-display":"","ast-main-header-display":"","ast-hfb-above-header-display":"","ast-hfb-below-header-display":"","ast-hfb-mobile-header-display":"","site-post-title":"","ast-breadcrumbs-content":"","ast-featured-img":"","footer-sml-layout":"","theme-transparent-header-meta":"","adv-header-id-meta":"","stick-header-meta":"","header-above-stick-meta":"","header-main-stick-meta":"","header-below-stick-meta":""},"product_brand":[],"product_cat":[252,202],"product_tag":[],"class_list":{"0":"post-12156","1":"product","2":"type-product","3":"status-publish","4":"has-post-thumbnail","6":"product_cat-general-eleectric","7":"product_cat-lavaplatos","8":"desktop-align-left","9":"tablet-align-left","10":"mobile-align-left","12":"first","13":"instock","14":"sale","15":"shipping-taxable","16":"purchasable","17":"product-type-simple"},"_links":{"self":[{"href":"https:\/\/lineablancaselect.com\/index.php\/wp-json\/wp\/v2\/product\/12156","targetHints":{"allow":["GET"]}}],"collection":[{"href":"https:\/\/lineablancaselect.com\/index.php\/wp-json\/wp\/v2\/product"}],"about":[{"href":"https:\/\/lineablancaselect.com\/index.php\/wp-json\/wp\/v2\/types\/product"}],"replies":[{"embeddable":true,"href":"https:\/\/lineablancaselect.com\/index.php\/wp-json\/wp\/v2\/comments?post=12156"}],"wp:featuredmedia":[{"embeddable":true,"href":"https:\/\/lineablancaselect.com\/index.php\/wp-json\/wp\/v2\/media\/12157"}],"wp:attachment":[{"href":"https:\/\/lineablancaselect.com\/index.php\/wp-json\/wp\/v2\/media?parent=12156"}],"wp:term":[{"taxonomy":"product_brand","embeddable":true,"href":"https:\/\/lineablancaselect.com\/index.php\/wp-json\/wp\/v2\/product_brand?post=12156"},{"taxonomy":"product_cat","embeddable":true,"href":"https:\/\/lineablancaselect.com\/index.php\/wp-json\/wp\/v2\/product_cat?post=12156"},{"taxonomy":"product_tag","embeddable":true,"href":"https:\/\/lineablancaselect.com\/index.php\/wp-json\/wp\/v2\/product_tag?post=12156"}],"curies":[{"name":"wp","href":"https:\/\/api.w.org\/{rel}","templated":true}]}}