{"id":12281,"date":"2022-04-22T19:35:00","date_gmt":"2022-04-22T19:35:00","guid":{"rendered":"https:\/\/lineablancaselect.com\/?post_type=product&#038;p=12281"},"modified":"2022-04-27T13:46:54","modified_gmt":"2022-04-27T13:46:54","slug":"estufa-de-piso-acros-gas-30-pulgadas-tittanio-af5434d","status":"publish","type":"product","link":"https:\/\/lineablancaselect.com\/index.php\/producto\/estufa-de-piso-acros-gas-30-pulgadas-tittanio-af5434d\/","title":{"rendered":"Estufa de Piso Acros Gas 30 pulgadas Tittanio AF5434D"},"content":{"rendered":"<h1 class=\"product-details-name name\">Estufa de Piso Acros Gas 30 pulgadas Tittanio AF5434D<\/h1>\n<div class=\"name\">\n<div class=\"rating\">\n<div class=\"rating-stars pull-left js-ratingCalc \" data-rating=\"{&quot;rating&quot;:&quot;&quot;,&quot;total&quot;:5}\">\n<div class=\"greyStars\"><\/div>\n<\/div>\n<\/div>\n<\/div>\n<div class=\"name\">\n<div class=\"rating\">\n<div class=\"rating-stars pull-left js-ratingCalc \" data-rating=\"{&quot;rating&quot;:&quot;&quot;,&quot;total&quot;:5}\">\n<div class=\"greyStars\"><\/div>\n<\/div>\n<\/div>\n<\/div>\n<p>La Estufa Acros al piso de 30 pulgadas en color Tittanio cubierta de Acero Inoxidable esta equipada con 1 exclusivo quemador Max est\u00e1ndar con el que podr\u00e1s ahorrar hasta 24% de gas, adicionalmente su Horno con ventana panor\u00e1mica con sistema de cerrado suave.<\/p>\n<p><strong>COLOR:<img loading=\"lazy\" decoding=\"async\" class=\"alignnone size-full wp-image-11370\" src=\"https:\/\/lineablancaselect.com\/wp-content\/uploads\/2022\/04\/acero-e1650481820565.png\" alt=\"\" width=\"36\" height=\"36\" \/>ACERO<\/strong><\/p>\n<div class=\"a-section a-spacing-small a-text-left celwidget\" data-cel-widget=\"\">\n<div class=\"a-section a-spacing-small a-text-left celwidget\" data-cel-widget=\"\"><img loading=\"lazy\" decoding=\"async\" src=\"https:\/\/www.colchones-continental.com\/wp-content\/uploads\/secured-ssl._CB485936932_.png\" alt=\"\" width=\"16\" height=\"21\" \/><strong><span class=\"a-declarative\" data-action=\"a-popover\" data-a-popover=\"{\">Transacci\u00f3n Segura.<\/span><\/strong><\/div>\n<div data-cel-widget=\"\"><\/div>\n<div data-cel-widget=\"\"><img loading=\"lazy\" decoding=\"async\" class=\"alignnone size-medium wp-image-11307\" src=\"https:\/\/lineablancaselect.com\/wp-content\/uploads\/2022\/04\/PROFECO-300x87.jpg\" alt=\"\" width=\"300\" height=\"87\" srcset=\"https:\/\/lineablancaselect.com\/wp-content\/uploads\/2022\/04\/PROFECO-300x87.jpg 300w, https:\/\/lineablancaselect.com\/wp-content\/uploads\/2022\/04\/PROFECO-200x58.jpg 200w, https:\/\/lineablancaselect.com\/wp-content\/uploads\/2022\/04\/PROFECO-400x116.jpg 400w, https:\/\/lineablancaselect.com\/wp-content\/uploads\/2022\/04\/PROFECO.jpg 739w\" sizes=\"auto, (max-width: 300px) 100vw, 300px\" \/><\/div>\n<div data-cel-widget=\"\"><\/div>\n<div data-cel-widget=\"\"><\/div>\n<div data-cel-widget=\"\">Vendido por <strong>LINEA BLANCA ROYAL<\/strong>.<\/div>\n<div data-cel-widget=\"\">Entregado por DHL<\/div>\n<div data-cel-widget=\"\"><\/div>\n<div data-cel-widget=\"\"><img loading=\"lazy\" decoding=\"async\" class=\"wp-image-8820 alignnone\" src=\"https:\/\/lineablancaselect.com\/wp-content\/uploads\/2020\/12\/ENVIO-300x113.png\" alt=\"\" width=\"313\" height=\"118\" \/><\/div>\n<\/div>\n","protected":false},"excerpt":{"rendered":"<ul>\n<li>Exclusivo Quemador Max<\/li>\n<li>Ahorraras el 24% de Gas cn exclusivo quemador<\/li>\n<li>Horno de Gran Capacidad 5.1 pies c\u00fabicos<\/li>\n<li>La Capacidad 5.1 pies c\u00fabicos de la estufas permitir\u00e1 cocinar<\/li>\n<li>Horno de ventana panor\u00e1mica y sistema cerrado suave<\/li>\n<\/ul>\n<p>Inspirada en los detallistas la Estufa Acros al piso de 30 pulgadas en color Tittanio har\u00e1 lucir tu cocina moderna y actual ya que cuenta con horno de ventana pan\u00f3ramica con sistema de cerrado suave de gran capacidad 5.1 pies c\u00fabicos para que cocines o guardes lo que necesites, adicionalmente incluye el exclusivo quemador Max con el que podr\u00e1s ahorrar hasta 24% de gas. Acros Inspirada en ti. Resultados obtenidos de acuerdo a la prueba de Eficiencia T\u00e9rmica.<\/p>\n","protected":false},"featured_media":12282,"comment_status":"open","ping_status":"closed","template":"","meta":{"site-sidebar-layout":"default","site-content-layout":"default","ast-global-header-display":"","ast-main-header-display":"","ast-hfb-above-header-display":"","ast-hfb-below-header-display":"","ast-hfb-mobile-header-display":"","site-post-title":"","ast-breadcrumbs-content":"","ast-featured-img":"","footer-sml-layout":"","theme-transparent-header-meta":"","adv-header-id-meta":"","stick-header-meta":"","header-above-stick-meta":"","header-main-stick-meta":"","header-below-stick-meta":""},"product_brand":[],"product_cat":[236,196],"product_tag":[],"class_list":{"0":"post-12281","1":"product","2":"type-product","3":"status-publish","4":"has-post-thumbnail","6":"product_cat-acros-estufas","7":"product_cat-estufas","8":"desktop-align-left","9":"tablet-align-left","10":"mobile-align-left","12":"first","13":"instock","14":"sale","15":"shipping-taxable","16":"purchasable","17":"product-type-simple"},"_links":{"self":[{"href":"https:\/\/lineablancaselect.com\/index.php\/wp-json\/wp\/v2\/product\/12281","targetHints":{"allow":["GET"]}}],"collection":[{"href":"https:\/\/lineablancaselect.com\/index.php\/wp-json\/wp\/v2\/product"}],"about":[{"href":"https:\/\/lineablancaselect.com\/index.php\/wp-json\/wp\/v2\/types\/product"}],"replies":[{"embeddable":true,"href":"https:\/\/lineablancaselect.com\/index.php\/wp-json\/wp\/v2\/comments?post=12281"}],"wp:featuredmedia":[{"embeddable":true,"href":"https:\/\/lineablancaselect.com\/index.php\/wp-json\/wp\/v2\/media\/12282"}],"wp:attachment":[{"href":"https:\/\/lineablancaselect.com\/index.php\/wp-json\/wp\/v2\/media?parent=12281"}],"wp:term":[{"taxonomy":"product_brand","embeddable":true,"href":"https:\/\/lineablancaselect.com\/index.php\/wp-json\/wp\/v2\/product_brand?post=12281"},{"taxonomy":"product_cat","embeddable":true,"href":"https:\/\/lineablancaselect.com\/index.php\/wp-json\/wp\/v2\/product_cat?post=12281"},{"taxonomy":"product_tag","embeddable":true,"href":"https:\/\/lineablancaselect.com\/index.php\/wp-json\/wp\/v2\/product_tag?post=12281"}],"curies":[{"name":"wp","href":"https:\/\/api.w.org\/{rel}","templated":true}]}}