{"id":12561,"date":"2022-04-23T01:01:17","date_gmt":"2022-04-23T01:01:17","guid":{"rendered":"https:\/\/lineablancaselect.com\/?post_type=product&#038;p=12561"},"modified":"2022-04-27T05:25:10","modified_gmt":"2022-04-27T05:25:10","slug":"cafetera-koblenz-rojo-ckm-1000-cap","status":"publish","type":"product","link":"https:\/\/lineablancaselect.com\/index.php\/producto\/cafetera-koblenz-rojo-ckm-1000-cap\/","title":{"rendered":"Cafetera Koblenz Rojo CKM-1000 CAP"},"content":{"rendered":"<div class=\"a-section a-spacing-small a-text-left celwidget\" data-cel-widget=\"\">\n<h1 class=\"product-details-name name\">Cafetera Koblenz Rojo CKM-1000 CAP<\/h1>\n<div class=\"name\">\n<div class=\"rating\">\n<div class=\"rating-stars pull-left js-ratingCalc \" data-rating=\"{&quot;rating&quot;:&quot;&quot;,&quot;total&quot;:5}\">\n<div class=\"greyStars\">\n<h5>Caracter\u00edsticas\u00a0importantes<\/h5>\n<ul>\n<li>19 Bares de presi\u00f3n para optimizar el sabor del caf\u00e9<\/li>\n<li>Compatible con capsulas<\/li>\n<li>C\u00e1psula con filtro de acero inoxidable reusable, para caf\u00e9 molido<\/li>\n<li>Tanque de agua transparente con capacidad de 600 ml.<\/li>\n<\/ul>\n<\/div>\n<\/div>\n<\/div>\n<\/div>\n<div class=\"name\">\n<div class=\"rating\">\n<div class=\"rating-stars pull-left js-ratingCalc \" data-rating=\"{&quot;rating&quot;:&quot;&quot;,&quot;total&quot;:5}\">\n<div class=\"greyStars\">\n<p><strong style=\"font-size: 1rem;\"><span class=\"a-declarative\" data-action=\"a-popover\" data-a-popover=\"{\">Transacci\u00f3n Segura.<\/span><\/strong><\/p>\n<\/div>\n<\/div>\n<\/div>\n<\/div>\n<\/div>\n<div data-cel-widget=\"\"><\/div>\n<div data-cel-widget=\"\"><img loading=\"lazy\" decoding=\"async\" class=\"alignnone size-medium wp-image-11307\" src=\"https:\/\/lineablancaselect.com\/wp-content\/uploads\/2022\/04\/PROFECO-300x87.jpg\" alt=\"\" width=\"300\" height=\"87\" srcset=\"https:\/\/lineablancaselect.com\/wp-content\/uploads\/2022\/04\/PROFECO-300x87.jpg 300w, https:\/\/lineablancaselect.com\/wp-content\/uploads\/2022\/04\/PROFECO-200x58.jpg 200w, https:\/\/lineablancaselect.com\/wp-content\/uploads\/2022\/04\/PROFECO-400x116.jpg 400w, https:\/\/lineablancaselect.com\/wp-content\/uploads\/2022\/04\/PROFECO.jpg 739w\" sizes=\"auto, (max-width: 300px) 100vw, 300px\" \/><\/div>\n<div data-cel-widget=\"\"><\/div>\n<div data-cel-widget=\"\"><\/div>\n<div data-cel-widget=\"\">Vendido por <strong>LINEA BLANCA ROYAL<\/strong>.<\/div>\n<div data-cel-widget=\"\">Entregado por DHL<\/div>\n<div data-cel-widget=\"\"><\/div>\n<div data-cel-widget=\"\"><img loading=\"lazy\" decoding=\"async\" class=\"wp-image-8820 alignnone\" src=\"https:\/\/lineablancaselect.com\/wp-content\/uploads\/2020\/12\/ENVIO-300x113.png\" alt=\"\" width=\"313\" height=\"118\" \/><\/div>\n","protected":false},"excerpt":{"rendered":"<p>Cafetera Koblenz Rojo CKM-1000 CAP Caracter\u00edsticas\u00a0importantes 19 Bares de presi\u00f3n para optimizar el sabor del caf\u00e9 Compatible con capsulas C\u00e1psula con filtro de acero inoxidable reusable, para caf\u00e9 molido Tanque de agua transparente con capacidad de 600 ml. Transacci\u00f3n Segura. Vendido por LINEA BLANCA ROYAL. Entregado por DHL<\/p>\n","protected":false},"featured_media":12562,"comment_status":"open","ping_status":"closed","template":"","meta":{"site-sidebar-layout":"default","site-content-layout":"default","ast-global-header-display":"","ast-main-header-display":"","ast-hfb-above-header-display":"","ast-hfb-below-header-display":"","ast-hfb-mobile-header-display":"","site-post-title":"","ast-breadcrumbs-content":"","ast-featured-img":"","footer-sml-layout":"","theme-transparent-header-meta":"","adv-header-id-meta":"","stick-header-meta":"","header-above-stick-meta":"","header-main-stick-meta":"","header-below-stick-meta":""},"product_brand":[],"product_cat":[262,201],"product_tag":[],"class_list":{"0":"post-12561","1":"product","2":"type-product","3":"status-publish","4":"has-post-thumbnail","6":"product_cat-cafeteras","7":"product_cat-electrodomesticos","8":"desktop-align-left","9":"tablet-align-left","10":"mobile-align-left","12":"first","13":"instock","14":"sale","15":"shipping-taxable","16":"purchasable","17":"product-type-simple"},"_links":{"self":[{"href":"https:\/\/lineablancaselect.com\/index.php\/wp-json\/wp\/v2\/product\/12561","targetHints":{"allow":["GET"]}}],"collection":[{"href":"https:\/\/lineablancaselect.com\/index.php\/wp-json\/wp\/v2\/product"}],"about":[{"href":"https:\/\/lineablancaselect.com\/index.php\/wp-json\/wp\/v2\/types\/product"}],"replies":[{"embeddable":true,"href":"https:\/\/lineablancaselect.com\/index.php\/wp-json\/wp\/v2\/comments?post=12561"}],"wp:featuredmedia":[{"embeddable":true,"href":"https:\/\/lineablancaselect.com\/index.php\/wp-json\/wp\/v2\/media\/12562"}],"wp:attachment":[{"href":"https:\/\/lineablancaselect.com\/index.php\/wp-json\/wp\/v2\/media?parent=12561"}],"wp:term":[{"taxonomy":"product_brand","embeddable":true,"href":"https:\/\/lineablancaselect.com\/index.php\/wp-json\/wp\/v2\/product_brand?post=12561"},{"taxonomy":"product_cat","embeddable":true,"href":"https:\/\/lineablancaselect.com\/index.php\/wp-json\/wp\/v2\/product_cat?post=12561"},{"taxonomy":"product_tag","embeddable":true,"href":"https:\/\/lineablancaselect.com\/index.php\/wp-json\/wp\/v2\/product_tag?post=12561"}],"curies":[{"name":"wp","href":"https:\/\/api.w.org\/{rel}","templated":true}]}}