{"id":12608,"date":"2022-04-23T01:31:58","date_gmt":"2022-04-23T01:31:58","guid":{"rendered":"https:\/\/lineablancaselect.com\/?post_type=product&#038;p=12608"},"modified":"2022-04-27T05:14:43","modified_gmt":"2022-04-27T05:14:43","slug":"cafetera-oster-espresso-gris-bvstem6603ss","status":"publish","type":"product","link":"https:\/\/lineablancaselect.com\/index.php\/producto\/cafetera-oster-espresso-gris-bvstem6603ss\/","title":{"rendered":"Cafetera Oster Espresso Gris BVSTEM6603SS"},"content":{"rendered":"<div class=\"a-section a-spacing-small a-text-left celwidget\" data-cel-widget=\"\">\n<h1 class=\"product-details-name name\">Cafetera Oster Espresso Gris BVSTEM6603SS<\/h1>\n<div class=\"name\">\n<div class=\"rating\">\n<div class=\"rating-stars pull-left js-ratingCalc \" data-rating=\"{&quot;rating&quot;:&quot;&quot;,&quot;total&quot;:5}\">\n<div class=\"greyStars\">\n<h5>Caracter\u00edsticas\u00a0importantes<\/h5>\n<ul>\n<li>Dep\u00f3sito de leche desmontable<\/li>\n<li>Espumador de leche<\/li>\n<li>Capacidad\u00a0de\u00a0tanque\u00a0de\u00a0agua\u00a01.5 L, Capacidad\u00a0de\u00a0tanque\u00a0de leche 480 ml<\/li>\n<li>Prepara espresso, cappuccinos y lattes<\/li>\n<li>Incluye:\u00a0Manual de usuario con recetario de bebidas, Portafiltro para caf\u00e9 molido, 2 filtros para caf\u00e9 molido sencillo y doble, Portafiltro para c\u00e1psulas Dolce Gusto, Cuchara medidora con apisonador de caf\u00e9<\/li>\n<\/ul>\n<p><strong style=\"font-size: 1rem;\"><span class=\"a-declarative\" data-action=\"a-popover\" data-a-popover=\"{\">Transacci\u00f3n Segura.<\/span><\/strong><\/p>\n<\/div>\n<\/div>\n<\/div>\n<\/div>\n<\/div>\n<div data-cel-widget=\"\"><\/div>\n<div data-cel-widget=\"\"><img loading=\"lazy\" decoding=\"async\" class=\"alignnone size-medium wp-image-11307\" src=\"https:\/\/lineablancaselect.com\/wp-content\/uploads\/2022\/04\/PROFECO-300x87.jpg\" alt=\"\" width=\"300\" height=\"87\" srcset=\"https:\/\/lineablancaselect.com\/wp-content\/uploads\/2022\/04\/PROFECO-300x87.jpg 300w, https:\/\/lineablancaselect.com\/wp-content\/uploads\/2022\/04\/PROFECO-200x58.jpg 200w, https:\/\/lineablancaselect.com\/wp-content\/uploads\/2022\/04\/PROFECO-400x116.jpg 400w, https:\/\/lineablancaselect.com\/wp-content\/uploads\/2022\/04\/PROFECO.jpg 739w\" sizes=\"auto, (max-width: 300px) 100vw, 300px\" \/><\/div>\n<div data-cel-widget=\"\"><\/div>\n<div data-cel-widget=\"\"><\/div>\n<div data-cel-widget=\"\">Vendido por <strong>LINEA BLANCA ROYAL<\/strong>.<\/div>\n<div data-cel-widget=\"\">Entregado por DHL<\/div>\n<div data-cel-widget=\"\"><\/div>\n<div data-cel-widget=\"\"><img loading=\"lazy\" decoding=\"async\" class=\"wp-image-8820 alignnone\" src=\"https:\/\/lineablancaselect.com\/wp-content\/uploads\/2020\/12\/ENVIO-300x113.png\" alt=\"\" width=\"313\" height=\"118\" \/><\/div>\n","protected":false},"excerpt":{"rendered":"<p>Vive la experiencia de un caf\u00e9 aut\u00e9ntico y delicioso que ofrece la cafetera autom\u00e1tica de espresso Oster\u00ae PrimaLatte\u2122. Ahora con funciones que te permiten disfrutar variedades de bebidas, desde espresso, capuccinos y lattes, hasta el uso de c\u00e1psulas de Dolce Gusto*. Todo al toque de un bot\u00f3n<\/p>\n","protected":false},"featured_media":12609,"comment_status":"open","ping_status":"closed","template":"","meta":{"site-sidebar-layout":"default","site-content-layout":"default","ast-global-header-display":"","ast-main-header-display":"","ast-hfb-above-header-display":"","ast-hfb-below-header-display":"","ast-hfb-mobile-header-display":"","site-post-title":"","ast-breadcrumbs-content":"","ast-featured-img":"","footer-sml-layout":"","theme-transparent-header-meta":"","adv-header-id-meta":"","stick-header-meta":"","header-above-stick-meta":"","header-main-stick-meta":"","header-below-stick-meta":""},"product_brand":[],"product_cat":[262,201],"product_tag":[],"class_list":{"0":"post-12608","1":"product","2":"type-product","3":"status-publish","4":"has-post-thumbnail","6":"product_cat-cafeteras","7":"product_cat-electrodomesticos","8":"desktop-align-left","9":"tablet-align-left","10":"mobile-align-left","12":"first","13":"instock","14":"sale","15":"shipping-taxable","16":"purchasable","17":"product-type-simple"},"_links":{"self":[{"href":"https:\/\/lineablancaselect.com\/index.php\/wp-json\/wp\/v2\/product\/12608","targetHints":{"allow":["GET"]}}],"collection":[{"href":"https:\/\/lineablancaselect.com\/index.php\/wp-json\/wp\/v2\/product"}],"about":[{"href":"https:\/\/lineablancaselect.com\/index.php\/wp-json\/wp\/v2\/types\/product"}],"replies":[{"embeddable":true,"href":"https:\/\/lineablancaselect.com\/index.php\/wp-json\/wp\/v2\/comments?post=12608"}],"wp:featuredmedia":[{"embeddable":true,"href":"https:\/\/lineablancaselect.com\/index.php\/wp-json\/wp\/v2\/media\/12609"}],"wp:attachment":[{"href":"https:\/\/lineablancaselect.com\/index.php\/wp-json\/wp\/v2\/media?parent=12608"}],"wp:term":[{"taxonomy":"product_brand","embeddable":true,"href":"https:\/\/lineablancaselect.com\/index.php\/wp-json\/wp\/v2\/product_brand?post=12608"},{"taxonomy":"product_cat","embeddable":true,"href":"https:\/\/lineablancaselect.com\/index.php\/wp-json\/wp\/v2\/product_cat?post=12608"},{"taxonomy":"product_tag","embeddable":true,"href":"https:\/\/lineablancaselect.com\/index.php\/wp-json\/wp\/v2\/product_tag?post=12608"}],"curies":[{"name":"wp","href":"https:\/\/api.w.org\/{rel}","templated":true}]}}