{"id":12650,"date":"2022-04-26T01:30:40","date_gmt":"2022-04-26T01:30:40","guid":{"rendered":"https:\/\/lineablancaselect.com\/?post_type=product&#038;p=12650"},"modified":"2022-04-27T05:03:44","modified_gmt":"2022-04-27T05:03:44","slug":"congelador-y-calentador-portatil-del-refrigerador-del-refrigerador-de-12v-4l-para-los-viajes-en-coch-sunnimix-mini-refrigerador-refrigerador-para-automovil","status":"publish","type":"product","link":"https:\/\/lineablancaselect.com\/index.php\/producto\/congelador-y-calentador-portatil-del-refrigerador-del-refrigerador-de-12v-4l-para-los-viajes-en-coch-sunnimix-mini-refrigerador-refrigerador-para-automovil\/","title":{"rendered":"Congelador Y Calentador Port\u00e1til Del Refrigerador Del Refrigerador de 12V 4L para Los Viajes en Coch Sunnimix mini refrigerador refrigerador para autom\u00f3vil"},"content":{"rendered":"<h1 class=\"product-details_productName__17M75 header\" data-automation-id=\"product-details-header\" data-testid=\"product-details-header\" data-gtm-vis-recent-on-screen-100093_1243=\"1116434\" data-gtm-vis-first-on-screen-100093_1243=\"1116434\" data-gtm-vis-total-visible-time-100093_1243=\"100\" data-gtm-vis-has-fired-100093_1243=\"1\" data-gtm-vis-recent-on-screen-100093_1244=\"1116437\" data-gtm-vis-first-on-screen-100093_1244=\"1116437\" data-gtm-vis-total-visible-time-100093_1244=\"100\" data-gtm-vis-has-fired-100093_1244=\"1\">Congelador Y Calentador Port\u00e1til Del Refrigerador Del Refrigerador de 12V 4L para Los Viajes en Coch Sunnimix mini refrigerador refrigerador para autom\u00f3vil<\/h1>\n<div class=\"description_seoDescription__Ti3wA\">\n<div class=\"description_seoDescription__Ti3wA\">\n<p class=\"text_text__3oq-D\">Producto de importaci\u00f3n<\/p>\n<p class=\"text_text__3oq-D\">Descripci\u00f3n:<\/p>\n<p class=\"text_text__3oq-D\">5 litros de capacidad; La disipaci\u00f3n de calor tridimensional, la eliminaci\u00f3n de calor y el dise\u00f1o de ventilador de baja eficiencia de baja eficiencia se adoptan para lograr un efecto de enfriamiento y un tiempo de aislamiento m\u00e1s largo.<\/p>\n<\/div>\n<\/div>\n<p><strong>COLOR: <img loading=\"lazy\" decoding=\"async\" class=\"alignnone size-full wp-image-11369\" src=\"https:\/\/lineablancaselect.com\/wp-content\/uploads\/2020\/12\/BLANCO-e1650481898852.png\" alt=\"\" width=\"36\" height=\"36\" \/><\/strong>ROSA<\/p>\n<div class=\"a-section a-spacing-small a-text-left celwidget\" data-cel-widget=\"\">\n<div data-cel-widget=\"\"><\/div>\n<div class=\"a-section a-spacing-small a-text-left celwidget\" data-cel-widget=\"\"><img loading=\"lazy\" decoding=\"async\" src=\"https:\/\/www.colchones-continental.com\/wp-content\/uploads\/secured-ssl._CB485936932_.png\" alt=\"\" width=\"16\" height=\"21\" \/><strong><span class=\"a-declarative\" data-action=\"a-popover\" data-a-popover=\"{\">Transacci\u00f3n Segura.<\/span><\/strong><\/div>\n<div data-cel-widget=\"\"><\/div>\n<div data-cel-widget=\"\"><img loading=\"lazy\" decoding=\"async\" class=\"alignnone size-medium wp-image-11307\" src=\"https:\/\/lineablancaselect.com\/wp-content\/uploads\/2022\/04\/PROFECO-300x87.jpg\" alt=\"\" width=\"300\" height=\"87\" srcset=\"https:\/\/lineablancaselect.com\/wp-content\/uploads\/2022\/04\/PROFECO-300x87.jpg 300w, https:\/\/lineablancaselect.com\/wp-content\/uploads\/2022\/04\/PROFECO-200x58.jpg 200w, https:\/\/lineablancaselect.com\/wp-content\/uploads\/2022\/04\/PROFECO-400x116.jpg 400w, https:\/\/lineablancaselect.com\/wp-content\/uploads\/2022\/04\/PROFECO.jpg 739w\" sizes=\"auto, (max-width: 300px) 100vw, 300px\" \/><\/div>\n<div data-cel-widget=\"\"><\/div>\n<div data-cel-widget=\"\"><\/div>\n<div data-cel-widget=\"\">Vendido por <strong>LINEA BLANCA ROYAL<\/strong>.<\/div>\n<div data-cel-widget=\"\">Entregado por DHL<\/div>\n<div data-cel-widget=\"\"><\/div>\n<div data-cel-widget=\"\"><img loading=\"lazy\" decoding=\"async\" class=\"wp-image-8820 alignnone\" src=\"https:\/\/lineablancaselect.com\/wp-content\/uploads\/2020\/12\/ENVIO-300x113.png\" alt=\"\" width=\"313\" height=\"118\" \/><\/div>\n<\/div>\n","protected":false},"excerpt":{"rendered":"<div class=\"description_seoDescription__Ti3wA\">\n<div class=\"description_seoDescription__Ti3wA\">\n<ul>\n<li class=\"text_text__3oq-D\">Producto de importaci\u00f3n<\/li>\n<li class=\"text_text__3oq-D\">Descripci\u00f3n:<\/li>\n<li class=\"text_text__3oq-D\">5 litros de capacidad; La disipaci\u00f3n de calor tridimensional, la eliminaci\u00f3n de calor y el dise\u00f1o de ventilador de baja eficiencia de baja eficiencia se adoptan para lograr un efecto de enfriamiento y un tiempo de aislamiento m\u00e1s largo.<\/li>\n<li class=\"text_text__3oq-D\">Adaptadores de CA o CC: se incluyen dos enchufes para ambas salidas de pared est\u00e1ndar y encendedores de cigarrillos 12V en veh\u00edculos. Ventilador de enfriamiento de doble n\u00facleo, salida de potencia estable y alta eficiencia de salida.<\/li>\n<li class=\"text_text__3oq-D\">Dise\u00f1o elegante: espejo y dise\u00f1o LED, especialmente dise\u00f1ado para maquillaje, o compensarte por s\u00ed mismo. Las luces LED est\u00e1n controladas por el interruptor del sensor t\u00e1ctil. El brillo del espejo de maquillaje LED se puede ajustar mediante pantalla t\u00e1ctil. Esto le permite maquillaje en las \u00e1reas oscuras o mal iluminadas tambi\u00e9n.<\/li>\n<li class=\"text_text__3oq-D\">Portabilidad perfecta: ideal para espacios personales, viajes, oficinas, dormitorios, excursiones por carretera, paseos en bote, camping, tailgating, desplazamientos y m\u00e1s. Su peque\u00f1o tama\u00f1o y su dise\u00f1o elegante lo convierten en un ajuste perfecto para cualquier lugar.<\/li>\n<li class=\"text_text__3oq-D\">Refrigerador de autom\u00f3viles: mant\u00e9ngase fresco para los conductores y los campistas, con una capacidad de 5 listas, el camionero y la almacenan helados, mariscos y bebidas para viajar por carretera.<\/li>\n<li class=\"text_text__3oq-D\">Especificaci\u00f3n:<\/li>\n<li class=\"text_text__3oq-D\">Volumen del art\u00edculo: 5L<\/li>\n<li class=\"text_text__3oq-D\">Tama\u00f1o: 260 x 255 x 180mm \/ 10.23 x 6.1 x 7.0 pulgadas<\/li>\n<li class=\"text_text__3oq-D\">Material: ABS + Aluminio<\/li>\n<li class=\"text_text__3oq-D\">Peso: 2kg<\/li>\n<li class=\"text_text__3oq-D\">Voltaje: 12V \/ 220V<\/li>\n<li class=\"text_text__3oq-D\">PODER: 48W<\/li>\n<li class=\"text_text__3oq-D\">El paquete incluye:<\/li>\n<li class=\"text_text__3oq-D\">1 x mini refrigerador (conector estadounidense)<\/li>\n<li class=\"text_text__3oq-D\">Nota:<\/li>\n<li class=\"text_text__3oq-D\">1. Por favor, permita un error de 1 ~ 3 cm debido a la medici\u00f3n manual, gracias.<\/li>\n<li class=\"text_text__3oq-D\">2.Due a la diferencia entre diferentes monitores, la imagen puede no reflejar el color real del art\u00edculo. Por favor, entiende, gracias.<\/li>\n<\/ul>\n<\/div>\n<p class=\"text_text__3oq-D\">Veh\u00edculo de enchufe r\u00e1pido de enchufe r\u00e1pido veh\u00edculo de enfriador el\u00e9ctrico<\/p>\n<p class=\"text_text__3oq-D\">Habitaci\u00f3n Minifridge 12V Frigidaire Maquillaje Cuidado de la piel<\/p>\n<p class=\"text_text__3oq-D\">Congelador de coche de coche de nevera port\u00e1til de 12V DC<\/p>\n<\/div>\n","protected":false},"featured_media":12639,"comment_status":"open","ping_status":"closed","template":"","meta":{"site-sidebar-layout":"default","site-content-layout":"default","ast-global-header-display":"","ast-main-header-display":"","ast-hfb-above-header-display":"","ast-hfb-below-header-display":"","ast-hfb-mobile-header-display":"","site-post-title":"","ast-breadcrumbs-content":"","ast-featured-img":"","footer-sml-layout":"","theme-transparent-header-meta":"","adv-header-id-meta":"","stick-header-meta":"","header-above-stick-meta":"","header-main-stick-meta":"","header-below-stick-meta":""},"product_brand":[],"product_cat":[206,267],"product_tag":[],"class_list":{"0":"post-12650","1":"product","2":"type-product","3":"status-publish","4":"has-post-thumbnail","6":"product_cat-congeladores","7":"product_cat-sunnimix-mini","8":"desktop-align-left","9":"tablet-align-left","10":"mobile-align-left","12":"first","13":"instock","14":"sale","15":"shipping-taxable","16":"purchasable","17":"product-type-simple"},"_links":{"self":[{"href":"https:\/\/lineablancaselect.com\/index.php\/wp-json\/wp\/v2\/product\/12650","targetHints":{"allow":["GET"]}}],"collection":[{"href":"https:\/\/lineablancaselect.com\/index.php\/wp-json\/wp\/v2\/product"}],"about":[{"href":"https:\/\/lineablancaselect.com\/index.php\/wp-json\/wp\/v2\/types\/product"}],"replies":[{"embeddable":true,"href":"https:\/\/lineablancaselect.com\/index.php\/wp-json\/wp\/v2\/comments?post=12650"}],"wp:featuredmedia":[{"embeddable":true,"href":"https:\/\/lineablancaselect.com\/index.php\/wp-json\/wp\/v2\/media\/12639"}],"wp:attachment":[{"href":"https:\/\/lineablancaselect.com\/index.php\/wp-json\/wp\/v2\/media?parent=12650"}],"wp:term":[{"taxonomy":"product_brand","embeddable":true,"href":"https:\/\/lineablancaselect.com\/index.php\/wp-json\/wp\/v2\/product_brand?post=12650"},{"taxonomy":"product_cat","embeddable":true,"href":"https:\/\/lineablancaselect.com\/index.php\/wp-json\/wp\/v2\/product_cat?post=12650"},{"taxonomy":"product_tag","embeddable":true,"href":"https:\/\/lineablancaselect.com\/index.php\/wp-json\/wp\/v2\/product_tag?post=12650"}],"curies":[{"name":"wp","href":"https:\/\/api.w.org\/{rel}","templated":true}]}}