{"id":12656,"date":"2022-04-26T01:34:42","date_gmt":"2022-04-26T01:34:42","guid":{"rendered":"https:\/\/lineablancaselect.com\/?post_type=product&#038;p=12656"},"modified":"2022-04-27T05:01:53","modified_gmt":"2022-04-27T05:01:53","slug":"congelador-y-calentador-portatil-del-refrigerador-del-refrigerador-de-12v-4l-para-los-viajes-en-coch-sunnimix-mini-refrigerador-refrigerador-para-automovil-2","status":"publish","type":"product","link":"https:\/\/lineablancaselect.com\/index.php\/producto\/congelador-y-calentador-portatil-del-refrigerador-del-refrigerador-de-12v-4l-para-los-viajes-en-coch-sunnimix-mini-refrigerador-refrigerador-para-automovil-2\/","title":{"rendered":"Congelador Y Calentador Port\u00e1til Del Refrigerador Del Refrigerador de 12V 4L para Los Viajes en Coch Sunnimix mini refrigerador refrigerador para autom\u00f3vil"},"content":{"rendered":"<h1 class=\"product-details_productName__17M75 header\" data-automation-id=\"product-details-header\" data-testid=\"product-details-header\" data-gtm-vis-recent-on-screen-100093_1243=\"1201394\" data-gtm-vis-first-on-screen-100093_1243=\"1201394\" data-gtm-vis-total-visible-time-100093_1243=\"100\" data-gtm-vis-has-fired-100093_1243=\"1\" data-gtm-vis-recent-on-screen-100093_1244=\"1201396\" data-gtm-vis-first-on-screen-100093_1244=\"1201396\" data-gtm-vis-total-visible-time-100093_1244=\"100\" data-gtm-vis-has-fired-100093_1244=\"1\">Congelador Y Calentador Port\u00e1til Del Refrigerador Del Refrigerador de 12V 4L para Los Viajes en Coch Sunnimix mini refrigerador refrigerador para autom\u00f3vil<\/h1>\n<div class=\"description_seoDescription__Ti3wA\">\n<div class=\"description_seoDescription__Ti3wA\">\n<div class=\"product-details_productDetails__Uunoq\">\n<div id=\"imagePickerZoomContainer\" class=\"product-details_offerDetails__3O8ln\">\n<div class=\"product-details_newFeaturesContainer__1PJpv\">\n<div class=\"product-features_seoDescription__3dT6n product-features_isHiddenSm__2Gpl2\">\n<p class=\"text_text__3oq-D\">Producto de importaci\u00f3n<\/p>\n<p class=\"text_text__3oq-D\">Descripci\u00f3n:<\/p>\n<p class=\"text_text__3oq-D\">[3-en-1 refrigerator Mini refrigerador para autom\u00f3vil, fr\u00edo, calor o simplemente almacenar.<\/p>\n<\/div>\n<\/div>\n<\/div>\n<\/div>\n<div class=\"product-description_productTabContainer__3spGx\">\n<div class=\"tabs_tabs__2wpTW tabs_primary__2S1is\" role=\"tree\">\n<div class=\"product-description_titles__3Z6Lo tabs_titles__2m2yc tabs_primary__2S1is\">\n<div class=\"tabs_title__Jfv0f tabs_isActive__2y177 tabs_title__Jfv0f product-description_tabs__2-frl\" data-automation-id=\"description-title\"><\/div>\n<\/div>\n<\/div>\n<\/div>\n<\/div>\n<\/div>\n<p><strong>COLOR: <img loading=\"lazy\" decoding=\"async\" class=\"alignnone size-full wp-image-11369\" src=\"https:\/\/lineablancaselect.com\/wp-content\/uploads\/2020\/12\/BLANCO-e1650481898852.png\" alt=\"\" width=\"36\" height=\"36\" \/><\/strong>BLANCO<\/p>\n<div class=\"a-section a-spacing-small a-text-left celwidget\" data-cel-widget=\"\">\n<div data-cel-widget=\"\"><\/div>\n<div class=\"a-section a-spacing-small a-text-left celwidget\" data-cel-widget=\"\"><img loading=\"lazy\" decoding=\"async\" src=\"https:\/\/www.colchones-continental.com\/wp-content\/uploads\/secured-ssl._CB485936932_.png\" alt=\"\" width=\"16\" height=\"21\" \/><strong><span class=\"a-declarative\" data-action=\"a-popover\" data-a-popover=\"{\">Transacci\u00f3n Segura.<\/span><\/strong><\/div>\n<div data-cel-widget=\"\"><\/div>\n<div data-cel-widget=\"\"><img loading=\"lazy\" decoding=\"async\" class=\"alignnone size-medium wp-image-11307\" src=\"https:\/\/lineablancaselect.com\/wp-content\/uploads\/2022\/04\/PROFECO-300x87.jpg\" alt=\"\" width=\"300\" height=\"87\" srcset=\"https:\/\/lineablancaselect.com\/wp-content\/uploads\/2022\/04\/PROFECO-300x87.jpg 300w, https:\/\/lineablancaselect.com\/wp-content\/uploads\/2022\/04\/PROFECO-200x58.jpg 200w, https:\/\/lineablancaselect.com\/wp-content\/uploads\/2022\/04\/PROFECO-400x116.jpg 400w, https:\/\/lineablancaselect.com\/wp-content\/uploads\/2022\/04\/PROFECO.jpg 739w\" sizes=\"auto, (max-width: 300px) 100vw, 300px\" \/><\/div>\n<div data-cel-widget=\"\"><\/div>\n<div data-cel-widget=\"\"><\/div>\n<div data-cel-widget=\"\">Vendido por <strong>LINEA BLANCA ROYAL<\/strong>.<\/div>\n<div data-cel-widget=\"\">Entregado por DHL<\/div>\n<div data-cel-widget=\"\"><\/div>\n<div data-cel-widget=\"\"><img loading=\"lazy\" decoding=\"async\" class=\"wp-image-8820 alignnone\" src=\"https:\/\/lineablancaselect.com\/wp-content\/uploads\/2020\/12\/ENVIO-300x113.png\" alt=\"\" width=\"313\" height=\"118\" \/><\/div>\n<\/div>\n","protected":false},"excerpt":{"rendered":"<div class=\"description_seoDescription__Ti3wA\">\n<div class=\"description_seoDescription__Ti3wA\">\n<div class=\"description_seoDescription__Ti3wA\">\n<ul>\n<li class=\"text_text__3oq-D\">Producto de importaci\u00f3n<\/li>\n<li class=\"text_text__3oq-D\">Descripci\u00f3n:<\/li>\n<li class=\"text_text__3oq-D\">[3-en-1 refrigerator Mini refrigerador para autom\u00f3vil, fr\u00edo, calor o simplemente almacenar.<\/li>\n<li class=\"text_text__3oq-D\">[Refrigerador para autom\u00f3vil] El encendedor de cigarrillos de 12 V viene de serie con este mini refrigerador port\u00e1til. Con dise\u00f1o de asa, conveniente para llevarlo desde la oficina al autom\u00f3vil, a su hotel.<\/li>\n<li class=\"text_text__3oq-D\">[Capacidad 4L] 4 LITROS DE CAPACIDAD: 6 botellas de 330 ml, 4 botellas de 420 ml. Dise\u00f1o de 2 capas, para frutas, yogurt, agua, bocadillos y bebidas, etc.<\/li>\n<li class=\"text_text__3oq-D\">[ ] Ya sea que est\u00e9 refrescando bebidas en un viaje por carretera, manteniendo sus alimentos calientes en la oficina, enfriando medicamentos en el hotel o calentando la leche para su beb\u00e9, este refrigerador \/ calentador cubre todas las bases.<\/li>\n<li class=\"text_text__3oq-D\">[F\u00e1cil de recoger] Tama\u00f1o mini, gu\u00e1rdelo en cualquier autom\u00f3vil, cami\u00f3n o SUV o col\u00f3quelo sobre o debajo de su escritorio para que sus productos est\u00e9n siempre al .<\/li>\n<li class=\"text_text__3oq-D\">Especificaci\u00f3n:<\/li>\n<li class=\"text_text__3oq-D\">Material: pl\u00e1stico PP + componente electr\u00f3nico<\/li>\n<li class=\"text_text__3oq-D\">Tama\u00f1o: Aprox.24x23x17.5cm \/ 9.45&#215;9.06&#215;6.89inch<\/li>\n<li class=\"text_text__3oq-D\">Voltaje: 12v<\/li>\n<li class=\"text_text__3oq-D\">Poder: 48 ~ 60W<\/li>\n<li class=\"text_text__3oq-D\">Capacidad: 4L<\/li>\n<li class=\"text_text__3oq-D\">Temperatura de enfriamiento 20 ~ 25 degree C<\/li>\n<li class=\"text_text__3oq-D\">Temperatura de calentamiento hasta 65 degree C<\/li>\n<li class=\"text_text__3oq-D\">El paquete incluye:<\/li>\n<li class=\"text_text__3oq-D\">Mini refrigerador de 1 pieza<\/li>\n<li class=\"text_text__3oq-D\">Cable de coche de 1 pieza<\/li>\n<li class=\"text_text__3oq-D\">Manual de 1 pieza<\/li>\n<\/ul>\n<\/div>\n<p class=\"text_text__3oq-D\">refrigerador para autom\u00f3vil refrigerador peque\u00f1o 12v port\u00e1til<\/p>\n<p class=\"text_text__3oq-D\">mini refrigerador refrigerador congelador sala de oficina<\/p>\n<p class=\"text_text__3oq-D\">refrigerador y calentador mini refrigerador para autom\u00f3vil Cuidado de la piel<\/p>\n<\/div>\n<\/div>\n","protected":false},"featured_media":12657,"comment_status":"open","ping_status":"closed","template":"","meta":{"site-sidebar-layout":"default","site-content-layout":"default","ast-global-header-display":"","ast-main-header-display":"","ast-hfb-above-header-display":"","ast-hfb-below-header-display":"","ast-hfb-mobile-header-display":"","site-post-title":"","ast-breadcrumbs-content":"","ast-featured-img":"","footer-sml-layout":"","theme-transparent-header-meta":"","adv-header-id-meta":"","stick-header-meta":"","header-above-stick-meta":"","header-main-stick-meta":"","header-below-stick-meta":""},"product_brand":[],"product_cat":[206,267],"product_tag":[],"class_list":{"0":"post-12656","1":"product","2":"type-product","3":"status-publish","4":"has-post-thumbnail","6":"product_cat-congeladores","7":"product_cat-sunnimix-mini","8":"desktop-align-left","9":"tablet-align-left","10":"mobile-align-left","12":"first","13":"instock","14":"sale","15":"shipping-taxable","16":"purchasable","17":"product-type-simple"},"_links":{"self":[{"href":"https:\/\/lineablancaselect.com\/index.php\/wp-json\/wp\/v2\/product\/12656","targetHints":{"allow":["GET"]}}],"collection":[{"href":"https:\/\/lineablancaselect.com\/index.php\/wp-json\/wp\/v2\/product"}],"about":[{"href":"https:\/\/lineablancaselect.com\/index.php\/wp-json\/wp\/v2\/types\/product"}],"replies":[{"embeddable":true,"href":"https:\/\/lineablancaselect.com\/index.php\/wp-json\/wp\/v2\/comments?post=12656"}],"wp:featuredmedia":[{"embeddable":true,"href":"https:\/\/lineablancaselect.com\/index.php\/wp-json\/wp\/v2\/media\/12657"}],"wp:attachment":[{"href":"https:\/\/lineablancaselect.com\/index.php\/wp-json\/wp\/v2\/media?parent=12656"}],"wp:term":[{"taxonomy":"product_brand","embeddable":true,"href":"https:\/\/lineablancaselect.com\/index.php\/wp-json\/wp\/v2\/product_brand?post=12656"},{"taxonomy":"product_cat","embeddable":true,"href":"https:\/\/lineablancaselect.com\/index.php\/wp-json\/wp\/v2\/product_cat?post=12656"},{"taxonomy":"product_tag","embeddable":true,"href":"https:\/\/lineablancaselect.com\/index.php\/wp-json\/wp\/v2\/product_tag?post=12656"}],"curies":[{"name":"wp","href":"https:\/\/api.w.org\/{rel}","templated":true}]}}