{"id":12896,"date":"2022-04-27T21:08:13","date_gmt":"2022-04-27T21:08:13","guid":{"rendered":"https:\/\/lineablancaselect.com\/?post_type=product&#038;p=12896"},"modified":"2022-04-28T01:57:50","modified_gmt":"2022-04-28T01:57:50","slug":"mini-refrigerador-cosmeticos-termoelectrico-con-espejo","status":"publish","type":"product","link":"https:\/\/lineablancaselect.com\/index.php\/producto\/mini-refrigerador-cosmeticos-termoelectrico-con-espejo\/","title":{"rendered":"MINI REFRIGERADOR COSMETICOS TERMOELECTRICO CON ESPEJO"},"content":{"rendered":"<h1 class=\"main_header\" role=\"heading\" aria-level=\"1\">MINI REFRIGERADOR COSMETICOS TERMOELECTRICO CON ESPEJO<\/h1>\n<p id=\"product_longdescription_1064156\" class=\"product_longdescription\">Mini refrigerador cosm\u00e9ticos termoel\u00e9ctrico con espejo. Mant\u00e9n frescos y prolonga la duraci\u00f3n de tus cosm\u00e9ticos, medicamentos y bebidas. Dise\u00f1o elegante con puerta de espejo e iluminaci\u00f3n led. Cuenta con una capacidad de almacenamiento de hasta 4 litros. Es f\u00e1cil de transportar mientras viajas en autom\u00f3vil ya que incluye un adaptador para t\u00fa casa y auto. Incluye rejilla desmontable y adaptadores. Fr\u00edo\/calor.<\/p>\n<p><strong>COLOR: <img loading=\"lazy\" decoding=\"async\" class=\"alignnone size-full wp-image-11369\" src=\"https:\/\/lineablancaselect.com\/wp-content\/uploads\/2020\/12\/BLANCO-e1650481898852.png\" alt=\"\" width=\"36\" height=\"36\" \/><\/strong>BLANCO<\/p>\n<p><img loading=\"lazy\" decoding=\"async\" src=\"https:\/\/www.colchones-continental.com\/wp-content\/uploads\/secured-ssl._CB485936932_.png\" alt=\"\" width=\"16\" height=\"21\" \/><\/p>\n<div data-cel-widget=\"\"><\/div>\n<div class=\"a-section a-spacing-small a-text-left celwidget\" data-cel-widget=\"\"><img loading=\"lazy\" decoding=\"async\" src=\"https:\/\/www.colchones-continental.com\/wp-content\/uploads\/secured-ssl._CB485936932_.png\" alt=\"\" width=\"16\" height=\"21\" \/><strong><span class=\"a-declarative\" data-action=\"a-popover\" data-a-popover=\"{\">Transacci\u00f3n Segura.<\/span><\/strong><\/div>\n<div data-cel-widget=\"\"><\/div>\n<div data-cel-widget=\"\"><img loading=\"lazy\" decoding=\"async\" class=\"alignnone size-medium wp-image-11307\" src=\"https:\/\/lineablancaselect.com\/wp-content\/uploads\/2022\/04\/PROFECO-300x87.jpg\" alt=\"\" width=\"300\" height=\"87\" srcset=\"https:\/\/lineablancaselect.com\/wp-content\/uploads\/2022\/04\/PROFECO-300x87.jpg 300w, https:\/\/lineablancaselect.com\/wp-content\/uploads\/2022\/04\/PROFECO-200x58.jpg 200w, https:\/\/lineablancaselect.com\/wp-content\/uploads\/2022\/04\/PROFECO-400x116.jpg 400w, https:\/\/lineablancaselect.com\/wp-content\/uploads\/2022\/04\/PROFECO.jpg 739w\" sizes=\"auto, (max-width: 300px) 100vw, 300px\" \/><\/div>\n<div data-cel-widget=\"\"><\/div>\n<div data-cel-widget=\"\"><\/div>\n<div data-cel-widget=\"\">Vendido por <strong>LINEA BLANCA ROYAL<\/strong>.<\/div>\n<div data-cel-widget=\"\">Entregado por DHL<\/div>\n<div data-cel-widget=\"\"><\/div>\n<div data-cel-widget=\"\"><img loading=\"lazy\" decoding=\"async\" class=\"wp-image-8820 alignnone\" src=\"https:\/\/lineablancaselect.com\/wp-content\/uploads\/2020\/12\/ENVIO-300x113.png\" alt=\"\" width=\"313\" height=\"118\" \/><\/div>\n","protected":false},"excerpt":{"rendered":"<p>MINI REFRIGERADOR COSMETICOS TERMOELECTRICO CON ESPEJO Mini refrigerador cosm\u00e9ticos termoel\u00e9ctrico con espejo. Mant\u00e9n frescos y prolonga la duraci\u00f3n de tus cosm\u00e9ticos, medicamentos y bebidas. Dise\u00f1o elegante con puerta de espejo e iluminaci\u00f3n led. Cuenta con una capacidad de almacenamiento de hasta 4 litros. Es f\u00e1cil de transportar mientras viajas en autom\u00f3vil ya que incluye un &hellip;<\/p>\n<p class=\"read-more\"> <a class=\"\" href=\"https:\/\/lineablancaselect.com\/index.php\/producto\/mini-refrigerador-cosmeticos-termoelectrico-con-espejo\/\"> <span class=\"screen-reader-text\">MINI REFRIGERADOR COSMETICOS TERMOELECTRICO CON ESPEJO<\/span> Leer m\u00e1s &raquo;<\/a><\/p>\n","protected":false},"featured_media":12897,"comment_status":"open","ping_status":"closed","template":"","meta":{"site-sidebar-layout":"default","site-content-layout":"default","ast-global-header-display":"","ast-main-header-display":"","ast-hfb-above-header-display":"","ast-hfb-below-header-display":"","ast-hfb-mobile-header-display":"","site-post-title":"","ast-breadcrumbs-content":"","ast-featured-img":"","footer-sml-layout":"","theme-transparent-header-meta":"","adv-header-id-meta":"","stick-header-meta":"","header-above-stick-meta":"","header-main-stick-meta":"","header-below-stick-meta":""},"product_brand":[],"product_cat":[205],"product_tag":[],"class_list":{"0":"post-12896","1":"product","2":"type-product","3":"status-publish","4":"has-post-thumbnail","6":"product_cat-frigobares","7":"desktop-align-left","8":"tablet-align-left","9":"mobile-align-left","11":"first","12":"instock","13":"sale","14":"shipping-taxable","15":"purchasable","16":"product-type-simple"},"_links":{"self":[{"href":"https:\/\/lineablancaselect.com\/index.php\/wp-json\/wp\/v2\/product\/12896","targetHints":{"allow":["GET"]}}],"collection":[{"href":"https:\/\/lineablancaselect.com\/index.php\/wp-json\/wp\/v2\/product"}],"about":[{"href":"https:\/\/lineablancaselect.com\/index.php\/wp-json\/wp\/v2\/types\/product"}],"replies":[{"embeddable":true,"href":"https:\/\/lineablancaselect.com\/index.php\/wp-json\/wp\/v2\/comments?post=12896"}],"wp:featuredmedia":[{"embeddable":true,"href":"https:\/\/lineablancaselect.com\/index.php\/wp-json\/wp\/v2\/media\/12897"}],"wp:attachment":[{"href":"https:\/\/lineablancaselect.com\/index.php\/wp-json\/wp\/v2\/media?parent=12896"}],"wp:term":[{"taxonomy":"product_brand","embeddable":true,"href":"https:\/\/lineablancaselect.com\/index.php\/wp-json\/wp\/v2\/product_brand?post=12896"},{"taxonomy":"product_cat","embeddable":true,"href":"https:\/\/lineablancaselect.com\/index.php\/wp-json\/wp\/v2\/product_cat?post=12896"},{"taxonomy":"product_tag","embeddable":true,"href":"https:\/\/lineablancaselect.com\/index.php\/wp-json\/wp\/v2\/product_tag?post=12896"}],"curies":[{"name":"wp","href":"https:\/\/api.w.org\/{rel}","templated":true}]}}